{"id":11059,"date":"2024-07-01T06:53:32","date_gmt":"2024-07-01T06:53:32","guid":{"rendered":"https:\/\/lubi.malnetp.ovh\/?page_id=11059"},"modified":"2024-07-01T13:31:44","modified_gmt":"2024-07-01T13:31:44","slug":"praca","status":"publish","type":"page","link":"https:\/\/lubi.malnetp.ovh\/?page_id=11059","title":{"rendered":"Praca"},"content":{"rendered":"<div class=\"wpb-content-wrapper\"><p>[vc_row][vc_column]\t\t\t<link rel=\"stylesheet\" id=\"wd-section-title-css\" href=\"https:\/\/lubi.malnetp.ovh\/wp-content\/themes\/woodmart\/css\/parts\/el-section-title.min.css?ver=7.5.1\" type=\"text\/css\" media=\"all\" \/> \t\t\t\t\t\t<link rel=\"stylesheet\" id=\"wd-mod-highlighted-text-css\" href=\"https:\/\/lubi.malnetp.ovh\/wp-content\/themes\/woodmart\/css\/parts\/mod-highlighted-text.min.css?ver=7.5.1\" type=\"text\/css\" media=\"all\" \/> \t\t\t\n\t\t<div id=\"wd-6682afae32e5f\" class=\"title-wrapper wd-wpb set-mb-s reset-last-child  wd-rs-6682afae32e5f wd-title-color-default wd-title-style-default text-center tytulek4  wd-underline-colored\">\n\t\t\t\n\t\t\t<div class=\"liner-continer\">\n\t\t\t\t<h4 class=\"woodmart-title-container title  wd-font-weight- wd-fontsize-l\" >Sklepy Lubi - oferty pracy w Olsztynie<\/h4>\n\t\t\t\t\t\t\t<\/div>\n\t\t\t\n\t\t\t\n\t\t\t\n\t\t<\/div>\n\t\t\n\t\t[\/vc_column][\/vc_row][vc_row][vc_column]\t\t\t<link rel=\"stylesheet\" id=\"wd-blog-base-css\" href=\"https:\/\/lubi.malnetp.ovh\/wp-content\/themes\/woodmart\/css\/parts\/blog-base.min.css?ver=7.5.1\" type=\"text\/css\" media=\"all\" \/> \t\t\t\t\t\t<link rel=\"stylesheet\" id=\"wd-blog-loop-base-old-css\" href=\"https:\/\/lubi.malnetp.ovh\/wp-content\/themes\/woodmart\/css\/parts\/blog-loop-base-old.min.css?ver=7.5.1\" type=\"text\/css\" media=\"all\" \/> \t\t\t\t\t\t<link rel=\"stylesheet\" id=\"wd-blog-loop-design-default-css\" href=\"https:\/\/lubi.malnetp.ovh\/wp-content\/themes\/woodmart\/css\/parts\/blog-loop-design-default.min.css?ver=7.5.1\" type=\"text\/css\" media=\"all\" \/> \t\t\t<div class=\"wd-blog-element wd-wpb wd-rs-6682af5b63e7d\"><div class=\"wd-posts wd-blog-holder  wd-grid-g\" id=\"69f111e355c57\" data-paged=\"1\" data-atts=\"{&quot;carousel_id&quot;:&quot;5000&quot;,&quot;speed&quot;:&quot;5000&quot;,&quot;slides_per_view&quot;:&quot;3&quot;,&quot;slides_per_view_tablet&quot;:&quot;auto&quot;,&quot;slides_per_view_mobile&quot;:&quot;auto&quot;,&quot;wrap&quot;:&quot;&quot;,&quot;loop&quot;:false,&quot;autoplay&quot;:&quot;no&quot;,&quot;autoheight&quot;:&quot;no&quot;,&quot;hide_pagination_control&quot;:&quot;&quot;,&quot;hide_pagination_control_tablet&quot;:&quot;yes&quot;,&quot;hide_pagination_control_mobile&quot;:&quot;yes&quot;,&quot;dynamic_pagination_control&quot;:&quot;&quot;,&quot;hide_prev_next_buttons&quot;:&quot;&quot;,&quot;carousel_arrows_position&quot;:&quot;&quot;,&quot;hide_scrollbar&quot;:&quot;yes&quot;,&quot;hide_scrollbar_tablet&quot;:&quot;yes&quot;,&quot;hide_scrollbar_mobile&quot;:&quot;yes&quot;,&quot;scroll_per_page&quot;:&quot;yes&quot;,&quot;dragEndSpeed&quot;:200,&quot;center_mode&quot;:&quot;no&quot;,&quot;custom_sizes&quot;:&quot;&quot;,&quot;sliding_speed&quot;:false,&quot;animation&quot;:false,&quot;content_animation&quot;:false,&quot;post_type&quot;:&quot;post&quot;,&quot;slider&quot;:&quot;&quot;,&quot;library&quot;:&quot;&quot;,&quot;css&quot;:&quot;&quot;,&quot;effect&quot;:&quot;&quot;,&quot;spacing&quot;:&quot;&quot;,&quot;spacing_tablet&quot;:&quot;&quot;,&quot;spacing_mobile&quot;:&quot;&quot;,&quot;carousel_sync&quot;:&quot;&quot;,&quot;sync_parent_id&quot;:&quot;&quot;,&quot;sync_child_id&quot;:&quot;&quot;,&quot;scroll_carousel_init&quot;:&quot;no&quot;,&quot;disable_overflow_carousel&quot;:&quot;&quot;,&quot;include&quot;:&quot;&quot;,&quot;custom_query&quot;:&quot;&quot;,&quot;taxonomies&quot;:&quot;62&quot;,&quot;pagination&quot;:&quot;&quot;,&quot;parts_media&quot;:true,&quot;parts_title&quot;:&quot;1&quot;,&quot;parts_meta&quot;:&quot;0&quot;,&quot;parts_text&quot;:&quot;1&quot;,&quot;parts_btn&quot;:&quot;1&quot;,&quot;items_per_page&quot;:12,&quot;offset&quot;:&quot;&quot;,&quot;orderby&quot;:&quot;date&quot;,&quot;order&quot;:&quot;DESC&quot;,&quot;meta_key&quot;:&quot;&quot;,&quot;exclude&quot;:&quot;&quot;,&quot;class&quot;:&quot;&quot;,&quot;ajax_page&quot;:&quot;&quot;,&quot;img_size&quot;:&quot;medium&quot;,&quot;blog_design&quot;:&quot;default&quot;,&quot;blog_carousel_design&quot;:&quot;masonry&quot;,&quot;blog_columns&quot;:3,&quot;blog_columns_tablet&quot;:&quot;auto&quot;,&quot;blog_columns_mobile&quot;:&quot;auto&quot;,&quot;blog_spacing&quot;:&quot;30&quot;,&quot;blog_spacing_tablet&quot;:&quot;&quot;,&quot;blog_spacing_mobile&quot;:&quot;&quot;,&quot;lazy_loading&quot;:&quot;no&quot;,&quot;search&quot;:&quot;&quot;,&quot;woodmart_css_id&quot;:&quot;6682af5b63e7d&quot;}\" data-source=\"shortcode\">\n<article id=\"post-11122\" class=\"wd-post blog-design-default blog-post-loop blog-style-bg wd-add-shadow wd-col post-11122 post type-post status-publish format-standard hentry category-praca\">\n\t<div class=\"article-inner\">\n\t\t\t\t\t<header class=\"entry-header\">\n\t\t\t\t\n\t\t\t\t\t\t\t\t\t\t\t\t<div class=\"post-date wd-post-date wd-style-with-bg\">\n\t\t\t\t<span class=\"post-date-day\">\n\t\t\t\t\t01\t\t\t\t<\/span>\n\t\t\t\t<span class=\"post-date-month\">\n\t\t\t\t\tlip\t\t\t\t<\/span>\n\t\t\t<\/div>\n\t\t\t\t\t\t\n\t\t\t<\/header><!-- .entry-header -->\n\n\t\t<div class=\"article-body-container\">\n\t\t\t\n\t\t\t\t\n\t\t\t\t\t\t\t\t\t<h3 class=\"wd-entities-title title post-title\">\n\t\t\t\t\t\t<a href=\"https:\/\/lubi.malnetp.ovh\/?p=11122\" rel=\"bookmark\">Sprzedawca-Kasjer<\/a>\n\t\t\t\t\t<\/h3>\n\t\t\t\t\n\t\t\t\t\t\t\t\n\t\t\t\t\t\t\t\n\t\t\t\t                    <div class=\"entry-content wd-entry-content\">\n\t\t\t\t\t\tPoszukujemy pracownik\u00f3w sprz\u0105taj\u0105cych, kt\u00f3rzy zainteresowani s\u0105 prac\u0105 na nast\u0119puj\u0105cych stanowiskach\r\n\r\nSprzedawca-Kasjer\r\n\r\nWymagania:\r...\n\t\t\t\t\t\t\t\t\t\t\t<\/div><!-- .entry-content -->\n\t\t\t\t\n\t\t\t\t\t\t\t\t\t\t\t\t\t\t<p class=\"read-more-section\">\n\t\t\t\t\t\t<a class=\"btn-read-more more-link\" href=\"https:\/\/lubi.malnetp.ovh\/?p=11122\">Sprawd\u017a ofert\u0119<\/a>\t\t\t\t\t<\/p>\n\t\t\t\t\t\t\t\t\t\t\t\n\t\t\t\n\t\t\t\t\t<\/div>\n\t<\/div>\n<\/article><!-- #post -->\n\n\n<\/div><\/div>[\/vc_column][\/vc_row]<\/p>\n<\/div>","protected":false},"excerpt":{"rendered":"<p>[vc_row][vc_column][\/vc_column][\/vc_row][vc_row][vc_column][\/vc_column][\/vc_row]<\/p>\n","protected":false},"author":1,"featured_media":0,"parent":0,"menu_order":0,"comment_status":"closed","ping_status":"closed","template":"","meta":{"footnotes":""},"yoast_head":"<!-- This site is optimized with the Yoast SEO plugin v22.8 - https:\/\/yoast.com\/wordpress\/plugins\/seo\/ -->\n<title>Praca - Sklepy spo\u017cywcze Lubi w Olsztynie<\/title>\n<meta name=\"robots\" content=\"index, follow, max-snippet:-1, max-image-preview:large, max-video-preview:-1\" \/>\n<link rel=\"canonical\" href=\"https:\/\/lubi.malnetp.ovh\/?page_id=11059\" \/>\n<meta property=\"og:locale\" content=\"pl_PL\" \/>\n<meta property=\"og:type\" content=\"article\" \/>\n<meta property=\"og:title\" content=\"Praca - Sklepy spo\u017cywcze Lubi w Olsztynie\" \/>\n<meta property=\"og:description\" content=\"[vc_row][vc_column][\/vc_column][\/vc_row][vc_row][vc_column][\/vc_column][\/vc_row]\" \/>\n<meta property=\"og:url\" content=\"https:\/\/lubi.malnetp.ovh\/?page_id=11059\" \/>\n<meta property=\"og:site_name\" content=\"Sklepy spo\u017cywcze Lubi w Olsztynie\" \/>\n<meta property=\"article:modified_time\" content=\"2024-07-01T13:31:44+00:00\" \/>\n<meta name=\"twitter:card\" content=\"summary_large_image\" \/>\n<meta name=\"twitter:label1\" content=\"Szacowany czas czytania\" \/>\n\t<meta name=\"twitter:data1\" content=\"1 minuta\" \/>\n<script type=\"application\/ld+json\" class=\"yoast-schema-graph\">{\"@context\":\"https:\/\/schema.org\",\"@graph\":[{\"@type\":\"WebPage\",\"@id\":\"https:\/\/lubi.malnetp.ovh\/?page_id=11059\",\"url\":\"https:\/\/lubi.malnetp.ovh\/?page_id=11059\",\"name\":\"Praca - Sklepy spo\u017cywcze Lubi w Olsztynie\",\"isPartOf\":{\"@id\":\"https:\/\/lubi.malnetp.ovh\/#website\"},\"datePublished\":\"2024-07-01T06:53:32+00:00\",\"dateModified\":\"2024-07-01T13:31:44+00:00\",\"breadcrumb\":{\"@id\":\"https:\/\/lubi.malnetp.ovh\/?page_id=11059#breadcrumb\"},\"inLanguage\":\"pl-PL\",\"potentialAction\":[{\"@type\":\"ReadAction\",\"target\":[\"https:\/\/lubi.malnetp.ovh\/?page_id=11059\"]}]},{\"@type\":\"BreadcrumbList\",\"@id\":\"https:\/\/lubi.malnetp.ovh\/?page_id=11059#breadcrumb\",\"itemListElement\":[{\"@type\":\"ListItem\",\"position\":1,\"name\":\"Strona g\u0142\u00f3wna\",\"item\":\"https:\/\/lubi.malnetp.ovh\/\"},{\"@type\":\"ListItem\",\"position\":2,\"name\":\"Praca\"}]},{\"@type\":\"WebSite\",\"@id\":\"https:\/\/lubi.malnetp.ovh\/#website\",\"url\":\"https:\/\/lubi.malnetp.ovh\/\",\"name\":\"Sklepy spo\u017cywcze Lubi w Olsztynie\",\"description\":\"\",\"potentialAction\":[{\"@type\":\"SearchAction\",\"target\":{\"@type\":\"EntryPoint\",\"urlTemplate\":\"https:\/\/lubi.malnetp.ovh\/?s={search_term_string}\"},\"query-input\":\"required name=search_term_string\"}],\"inLanguage\":\"pl-PL\"}]}<\/script>\n<!-- \/ Yoast SEO plugin. -->","yoast_head_json":{"title":"Praca - Sklepy spo\u017cywcze Lubi w Olsztynie","robots":{"index":"index","follow":"follow","max-snippet":"max-snippet:-1","max-image-preview":"max-image-preview:large","max-video-preview":"max-video-preview:-1"},"canonical":"https:\/\/lubi.malnetp.ovh\/?page_id=11059","og_locale":"pl_PL","og_type":"article","og_title":"Praca - Sklepy spo\u017cywcze Lubi w Olsztynie","og_description":"[vc_row][vc_column][\/vc_column][\/vc_row][vc_row][vc_column][\/vc_column][\/vc_row]","og_url":"https:\/\/lubi.malnetp.ovh\/?page_id=11059","og_site_name":"Sklepy spo\u017cywcze Lubi w Olsztynie","article_modified_time":"2024-07-01T13:31:44+00:00","twitter_card":"summary_large_image","twitter_misc":{"Szacowany czas czytania":"1 minuta"},"schema":{"@context":"https:\/\/schema.org","@graph":[{"@type":"WebPage","@id":"https:\/\/lubi.malnetp.ovh\/?page_id=11059","url":"https:\/\/lubi.malnetp.ovh\/?page_id=11059","name":"Praca - Sklepy spo\u017cywcze Lubi w Olsztynie","isPartOf":{"@id":"https:\/\/lubi.malnetp.ovh\/#website"},"datePublished":"2024-07-01T06:53:32+00:00","dateModified":"2024-07-01T13:31:44+00:00","breadcrumb":{"@id":"https:\/\/lubi.malnetp.ovh\/?page_id=11059#breadcrumb"},"inLanguage":"pl-PL","potentialAction":[{"@type":"ReadAction","target":["https:\/\/lubi.malnetp.ovh\/?page_id=11059"]}]},{"@type":"BreadcrumbList","@id":"https:\/\/lubi.malnetp.ovh\/?page_id=11059#breadcrumb","itemListElement":[{"@type":"ListItem","position":1,"name":"Strona g\u0142\u00f3wna","item":"https:\/\/lubi.malnetp.ovh\/"},{"@type":"ListItem","position":2,"name":"Praca"}]},{"@type":"WebSite","@id":"https:\/\/lubi.malnetp.ovh\/#website","url":"https:\/\/lubi.malnetp.ovh\/","name":"Sklepy spo\u017cywcze Lubi w Olsztynie","description":"","potentialAction":[{"@type":"SearchAction","target":{"@type":"EntryPoint","urlTemplate":"https:\/\/lubi.malnetp.ovh\/?s={search_term_string}"},"query-input":"required name=search_term_string"}],"inLanguage":"pl-PL"}]}},"_links":{"self":[{"href":"https:\/\/lubi.malnetp.ovh\/index.php?rest_route=\/wp\/v2\/pages\/11059"}],"collection":[{"href":"https:\/\/lubi.malnetp.ovh\/index.php?rest_route=\/wp\/v2\/pages"}],"about":[{"href":"https:\/\/lubi.malnetp.ovh\/index.php?rest_route=\/wp\/v2\/types\/page"}],"author":[{"embeddable":true,"href":"https:\/\/lubi.malnetp.ovh\/index.php?rest_route=\/wp\/v2\/users\/1"}],"replies":[{"embeddable":true,"href":"https:\/\/lubi.malnetp.ovh\/index.php?rest_route=%2Fwp%2Fv2%2Fcomments&post=11059"}],"version-history":[{"count":3,"href":"https:\/\/lubi.malnetp.ovh\/index.php?rest_route=\/wp\/v2\/pages\/11059\/revisions"}],"predecessor-version":[{"id":11125,"href":"https:\/\/lubi.malnetp.ovh\/index.php?rest_route=\/wp\/v2\/pages\/11059\/revisions\/11125"}],"wp:attachment":[{"href":"https:\/\/lubi.malnetp.ovh\/index.php?rest_route=%2Fwp%2Fv2%2Fmedia&parent=11059"}],"curies":[{"name":"wp","href":"https:\/\/api.w.org\/{rel}","templated":true}]}}