{"id":11063,"date":"2024-07-01T06:55:49","date_gmt":"2024-07-01T06:55:49","guid":{"rendered":"https:\/\/lubi.malnetp.ovh\/?page_id=11063"},"modified":"2024-07-10T11:05:38","modified_gmt":"2024-07-10T11:05:38","slug":"oferta","status":"publish","type":"page","link":"https:\/\/lubi.malnetp.ovh\/?page_id=11063","title":{"rendered":"Oferta"},"content":{"rendered":"<div class=\"wpb-content-wrapper\"><p>[vc_row][vc_column]\t\t\t<link rel=\"stylesheet\" id=\"wd-section-title-css\" href=\"https:\/\/lubi.malnetp.ovh\/wp-content\/themes\/woodmart\/css\/parts\/el-section-title.min.css?ver=7.5.1\" type=\"text\/css\" media=\"all\" \/> \t\t\t\t\t\t<link rel=\"stylesheet\" id=\"wd-mod-highlighted-text-css\" href=\"https:\/\/lubi.malnetp.ovh\/wp-content\/themes\/woodmart\/css\/parts\/mod-highlighted-text.min.css?ver=7.5.1\" type=\"text\/css\" media=\"all\" \/> \t\t\t\n\t\t<div id=\"wd-6682a85892117\" class=\"title-wrapper wd-wpb set-mb-s reset-last-child  wd-rs-6682a85892117 wd-title-color-default wd-title-style-default text-center tytulek4  wd-underline-colored\">\n\t\t\t\n\t\t\t<div class=\"liner-continer\">\n\t\t\t\t<h4 class=\"woodmart-title-container title  wd-font-weight- wd-fontsize-l\" >Sprawd\u017a najnowsz\u0105 gazetk\u0119 promocyjn\u0105 Lubi<\/h4>\n\t\t\t\t\t\t\t<\/div>\n\t\t\t\n\t\t\t\n\t\t\t\n\t\t<\/div>\n\t\t\n\t\t[\/vc_column][\/vc_row][vc_row][vc_column][vc_column_text woodmart_inline=&#8221;no&#8221; text_larger=&#8221;no&#8221;]<\/p>\n<p style=\"text-align: center;\">Lubi gazetka promocyjna 04-17.07.2024<\/p>\n<p>[\/vc_column_text][\/vc_column][\/vc_row][vc_row][vc_column][vc_raw_html]JTVCZW1iZWRwcmVzc19wZGYlNURodHRwcyUzQSUyRiUyRmx1YmkubWFsbmV0cC5vdmglMkZ3cC1jb250ZW50JTJGdXBsb2FkcyUyRjIwMjQlMkYwNyUyRmdhemV0a2EucGRmJTVCJTJGZW1iZWRwcmVzc19wZGYlNUQ=[\/vc_raw_html][\/vc_column][\/vc_row]<\/p>\n<\/div>","protected":false},"excerpt":{"rendered":"<p>[vc_row][vc_column][\/vc_column][\/vc_row][vc_row][vc_column][vc_column_text woodmart_inline=&#8221;no&#8221; text_larger=&#8221;no&#8221;] Lubi gazetka promocyjna 04-17.07.2024 [\/vc_column_text][\/vc_column][\/vc_row][vc_row][vc_column][vc_raw_html]JTVCZW1iZWRwcmVzc19wZGYlNURodHRwcyUzQSUyRiUyRmx1YmkubWFsbmV0cC5vdmglMkZ3cC1jb250ZW50JTJGdXBsb2FkcyUyRjIwMjQlMkYwNyUyRmdhemV0a2EucGRmJTVCJTJGZW1iZWRwcmVzc19wZGYlNUQ=[\/vc_raw_html][\/vc_column][\/vc_row]<\/p>\n","protected":false},"author":1,"featured_media":0,"parent":0,"menu_order":0,"comment_status":"closed","ping_status":"closed","template":"","meta":{"footnotes":""},"yoast_head":"<!-- This site is optimized with the Yoast SEO plugin v22.8 - https:\/\/yoast.com\/wordpress\/plugins\/seo\/ -->\n<title>Oferta - Sklepy spo\u017cywcze Lubi w Olsztynie<\/title>\n<meta name=\"robots\" content=\"index, follow, max-snippet:-1, max-image-preview:large, max-video-preview:-1\" \/>\n<link rel=\"canonical\" href=\"https:\/\/lubi.malnetp.ovh\/?page_id=11063\" \/>\n<meta property=\"og:locale\" content=\"pl_PL\" \/>\n<meta property=\"og:type\" content=\"article\" \/>\n<meta property=\"og:title\" content=\"Oferta - Sklepy spo\u017cywcze Lubi w Olsztynie\" \/>\n<meta property=\"og:description\" content=\"[vc_row][vc_column][\/vc_column][\/vc_row][vc_row][vc_column][vc_column_text woodmart_inline=&#8221;no&#8221; text_larger=&#8221;no&#8221;] Lubi gazetka promocyjna 04-17.07.2024 [\/vc_column_text][\/vc_column][\/vc_row][vc_row][vc_column][vc_raw_html]JTVCZW1iZWRwcmVzc19wZGYlNURodHRwcyUzQSUyRiUyRmx1YmkubWFsbmV0cC5vdmglMkZ3cC1jb250ZW50JTJGdXBsb2FkcyUyRjIwMjQlMkYwNyUyRmdhemV0a2EucGRmJTVCJTJGZW1iZWRwcmVzc19wZGYlNUQ=[\/vc_raw_html][\/vc_column][\/vc_row]\" \/>\n<meta property=\"og:url\" content=\"https:\/\/lubi.malnetp.ovh\/?page_id=11063\" \/>\n<meta property=\"og:site_name\" content=\"Sklepy spo\u017cywcze Lubi w Olsztynie\" \/>\n<meta property=\"article:modified_time\" content=\"2024-07-10T11:05:38+00:00\" \/>\n<meta name=\"twitter:card\" content=\"summary_large_image\" \/>\n<meta name=\"twitter:label1\" content=\"Szacowany czas czytania\" \/>\n\t<meta name=\"twitter:data1\" content=\"1 minuta\" \/>\n<script type=\"application\/ld+json\" class=\"yoast-schema-graph\">{\"@context\":\"https:\/\/schema.org\",\"@graph\":[{\"@type\":\"WebPage\",\"@id\":\"https:\/\/lubi.malnetp.ovh\/?page_id=11063\",\"url\":\"https:\/\/lubi.malnetp.ovh\/?page_id=11063\",\"name\":\"Oferta - Sklepy spo\u017cywcze Lubi w Olsztynie\",\"isPartOf\":{\"@id\":\"https:\/\/lubi.malnetp.ovh\/#website\"},\"datePublished\":\"2024-07-01T06:55:49+00:00\",\"dateModified\":\"2024-07-10T11:05:38+00:00\",\"breadcrumb\":{\"@id\":\"https:\/\/lubi.malnetp.ovh\/?page_id=11063#breadcrumb\"},\"inLanguage\":\"pl-PL\",\"potentialAction\":[{\"@type\":\"ReadAction\",\"target\":[\"https:\/\/lubi.malnetp.ovh\/?page_id=11063\"]}]},{\"@type\":\"BreadcrumbList\",\"@id\":\"https:\/\/lubi.malnetp.ovh\/?page_id=11063#breadcrumb\",\"itemListElement\":[{\"@type\":\"ListItem\",\"position\":1,\"name\":\"Strona g\u0142\u00f3wna\",\"item\":\"https:\/\/lubi.malnetp.ovh\/\"},{\"@type\":\"ListItem\",\"position\":2,\"name\":\"Oferta\"}]},{\"@type\":\"WebSite\",\"@id\":\"https:\/\/lubi.malnetp.ovh\/#website\",\"url\":\"https:\/\/lubi.malnetp.ovh\/\",\"name\":\"Sklepy spo\u017cywcze Lubi w Olsztynie\",\"description\":\"\",\"potentialAction\":[{\"@type\":\"SearchAction\",\"target\":{\"@type\":\"EntryPoint\",\"urlTemplate\":\"https:\/\/lubi.malnetp.ovh\/?s={search_term_string}\"},\"query-input\":\"required name=search_term_string\"}],\"inLanguage\":\"pl-PL\"}]}<\/script>\n<!-- \/ Yoast SEO plugin. -->","yoast_head_json":{"title":"Oferta - Sklepy spo\u017cywcze Lubi w Olsztynie","robots":{"index":"index","follow":"follow","max-snippet":"max-snippet:-1","max-image-preview":"max-image-preview:large","max-video-preview":"max-video-preview:-1"},"canonical":"https:\/\/lubi.malnetp.ovh\/?page_id=11063","og_locale":"pl_PL","og_type":"article","og_title":"Oferta - Sklepy spo\u017cywcze Lubi w Olsztynie","og_description":"[vc_row][vc_column][\/vc_column][\/vc_row][vc_row][vc_column][vc_column_text woodmart_inline=&#8221;no&#8221; text_larger=&#8221;no&#8221;] Lubi gazetka promocyjna 04-17.07.2024 [\/vc_column_text][\/vc_column][\/vc_row][vc_row][vc_column][vc_raw_html]JTVCZW1iZWRwcmVzc19wZGYlNURodHRwcyUzQSUyRiUyRmx1YmkubWFsbmV0cC5vdmglMkZ3cC1jb250ZW50JTJGdXBsb2FkcyUyRjIwMjQlMkYwNyUyRmdhemV0a2EucGRmJTVCJTJGZW1iZWRwcmVzc19wZGYlNUQ=[\/vc_raw_html][\/vc_column][\/vc_row]","og_url":"https:\/\/lubi.malnetp.ovh\/?page_id=11063","og_site_name":"Sklepy spo\u017cywcze Lubi w Olsztynie","article_modified_time":"2024-07-10T11:05:38+00:00","twitter_card":"summary_large_image","twitter_misc":{"Szacowany czas czytania":"1 minuta"},"schema":{"@context":"https:\/\/schema.org","@graph":[{"@type":"WebPage","@id":"https:\/\/lubi.malnetp.ovh\/?page_id=11063","url":"https:\/\/lubi.malnetp.ovh\/?page_id=11063","name":"Oferta - Sklepy spo\u017cywcze Lubi w Olsztynie","isPartOf":{"@id":"https:\/\/lubi.malnetp.ovh\/#website"},"datePublished":"2024-07-01T06:55:49+00:00","dateModified":"2024-07-10T11:05:38+00:00","breadcrumb":{"@id":"https:\/\/lubi.malnetp.ovh\/?page_id=11063#breadcrumb"},"inLanguage":"pl-PL","potentialAction":[{"@type":"ReadAction","target":["https:\/\/lubi.malnetp.ovh\/?page_id=11063"]}]},{"@type":"BreadcrumbList","@id":"https:\/\/lubi.malnetp.ovh\/?page_id=11063#breadcrumb","itemListElement":[{"@type":"ListItem","position":1,"name":"Strona g\u0142\u00f3wna","item":"https:\/\/lubi.malnetp.ovh\/"},{"@type":"ListItem","position":2,"name":"Oferta"}]},{"@type":"WebSite","@id":"https:\/\/lubi.malnetp.ovh\/#website","url":"https:\/\/lubi.malnetp.ovh\/","name":"Sklepy spo\u017cywcze Lubi w Olsztynie","description":"","potentialAction":[{"@type":"SearchAction","target":{"@type":"EntryPoint","urlTemplate":"https:\/\/lubi.malnetp.ovh\/?s={search_term_string}"},"query-input":"required name=search_term_string"}],"inLanguage":"pl-PL"}]}},"_links":{"self":[{"href":"https:\/\/lubi.malnetp.ovh\/index.php?rest_route=\/wp\/v2\/pages\/11063"}],"collection":[{"href":"https:\/\/lubi.malnetp.ovh\/index.php?rest_route=\/wp\/v2\/pages"}],"about":[{"href":"https:\/\/lubi.malnetp.ovh\/index.php?rest_route=\/wp\/v2\/types\/page"}],"author":[{"embeddable":true,"href":"https:\/\/lubi.malnetp.ovh\/index.php?rest_route=\/wp\/v2\/users\/1"}],"replies":[{"embeddable":true,"href":"https:\/\/lubi.malnetp.ovh\/index.php?rest_route=%2Fwp%2Fv2%2Fcomments&post=11063"}],"version-history":[{"count":6,"href":"https:\/\/lubi.malnetp.ovh\/index.php?rest_route=\/wp\/v2\/pages\/11063\/revisions"}],"predecessor-version":[{"id":11170,"href":"https:\/\/lubi.malnetp.ovh\/index.php?rest_route=\/wp\/v2\/pages\/11063\/revisions\/11170"}],"wp:attachment":[{"href":"https:\/\/lubi.malnetp.ovh\/index.php?rest_route=%2Fwp%2Fv2%2Fmedia&parent=11063"}],"curies":[{"name":"wp","href":"https:\/\/api.w.org\/{rel}","templated":true}]}}